{"id":173,"date":"2022-01-08T15:58:55","date_gmt":"2022-01-08T14:58:55","guid":{"rendered":"http:\/\/mmarquitectura.cat\/?page_id=173"},"modified":"2022-01-16T17:50:33","modified_gmt":"2022-01-16T16:50:33","slug":"serveis","status":"publish","type":"page","link":"https:\/\/mmarquitectura.cat\/index.php\/serveis\/","title":{"rendered":"Serveis"},"content":{"rendered":"\n<p class=\"has-large-font-size\">GESTI\u00d3 INTEGRAL DE PROJECTE I OBRA \/\/ PROJECT MANAGEMENT<\/p>\n\n\n\n<p><\/p>\n\n\n\n<div class=\"wp-block-columns is-layout-flex wp-container-core-columns-is-layout-9d6595d7 wp-block-columns-is-layout-flex\">\n<div class=\"wp-block-column is-layout-flow wp-block-column-is-layout-flow\" style=\"flex-basis:100%\">\n<div class=\"wp-block-columns is-layout-flex wp-container-core-columns-is-layout-9d6595d7 wp-block-columns-is-layout-flex\">\n<div class=\"wp-block-column is-layout-flow wp-block-column-is-layout-flow\" style=\"flex-basis:100%\">\n<div class=\"wp-block-columns is-layout-flex wp-container-core-columns-is-layout-9d6595d7 wp-block-columns-is-layout-flex\">\n<div class=\"wp-block-column is-layout-flow wp-block-column-is-layout-flow\">\n<blockquote class=\"wp-block-quote is-layout-flow wp-block-quote-is-layout-flow\"><p><strong>Arquitectura<\/strong><\/p><p>&#8211; Projectes d&#8217;obra nova<\/p><p>&#8211; Rehabilitacions<\/p><p>&#8211; Reformes <\/p><p>&#8211; Tramitaci\u00f3 de llic\u00e8ncies<\/p><p>&#8211; Gesti\u00f3 d&#8217;escomeses i serveis<\/p><\/blockquote>\n<\/div>\n\n\n\n<div class=\"wp-block-column is-layout-flow wp-block-column-is-layout-flow\">\n<blockquote class=\"wp-block-quote is-layout-flow wp-block-quote-is-layout-flow\"><p><strong>Edificaci\u00f3<\/strong> <\/p><p>&#8211; Direcci\u00f3 d&#8217;Execuci\u00f3 d&#8217;Obra<\/p><p>&#8211; Control de Qualitat<\/p><p>&#8211; Amidaments i pressuposts<\/p><p>&#8211; Contractaci\u00f3 d&#8217;obra <\/p><p>&#8211; Coordinaci\u00f3 d&#8217;industrials<\/p><\/blockquote>\n\n\n\n<p><\/p>\n<\/div>\n<\/div>\n<\/div>\n<\/div>\n<\/div>\n<\/div>\n\n\n\n<div style=\"height:10px\" aria-hidden=\"true\" class=\"wp-block-spacer\"><\/div>\n\n\n\n<div class=\"wp-block-columns is-layout-flex wp-container-core-columns-is-layout-9d6595d7 wp-block-columns-is-layout-flex\">\n<div class=\"wp-block-column is-layout-flow wp-block-column-is-layout-flow\">\n<blockquote class=\"wp-block-quote is-layout-flow wp-block-quote-is-layout-flow\"><p><strong>Altres<\/strong><\/p><p>&#8211; C\u00e8dules d&#8217;Habitabilitat<\/p><p>&#8211; ITEE&#8217;s<\/p><p>&#8211; Certificats d&#8217;Efici\u00e8ncia Energ\u00e8tica<\/p><p>&#8211; Altres certificats<\/p><p>&#8211; Topografia<\/p><p>&#8211; Estudis Geot\u00e8cnics<\/p><\/blockquote>\n<\/div>\n\n\n\n<div class=\"wp-block-column is-layout-flow wp-block-column-is-layout-flow\">\n<blockquote class=\"wp-block-quote is-layout-flow wp-block-quote-is-layout-flow\"><p><strong>Seguretat i salut<\/strong><\/p><p>&#8211; Estudis de seguretat i salut<\/p><p>&#8211; Coordinaci\u00f3 de seguretat i salut<\/p><p><\/p><\/blockquote>\n<\/div>\n<\/div>\n","protected":false},"excerpt":{"rendered":"<p>GESTI\u00d3 INTEGRAL DE PROJECTE I OBRA \/\/ PROJECT MANAGEMENT Arquitectura &#8211; Projectes d&#8217;obra nova &#8211; Rehabilitacions &#8211; Reformes &#8211; Tramitaci\u00f3 de llic\u00e8ncies &#8211; Gesti\u00f3 d&#8217;escomeses i serveis Edificaci\u00f3 &#8211; Direcci\u00f3 d&#8217;Execuci\u00f3 d&#8217;Obra &#8211; Control de Qualitat &#8211; Amidaments i pressuposts &#8211; Contractaci\u00f3 d&#8217;obra &#8211; Coordinaci\u00f3 d&#8217;industrials Altres &#8211; C\u00e8dules d&#8217;Habitabilitat &#8211; ITEE&#8217;s &#8211; Certificats d&#8217;Efici\u00e8ncia Energ\u00e8tica &#8211; Altres certificats &#8211; Topografia &#8211; Estudis Geot\u00e8cnics Seguretat i salut &#8211; Estudis de seguretat i salut &#8211; Coordinaci\u00f3 de seguretat i salut<\/p>\n","protected":false},"author":1,"featured_media":0,"parent":0,"menu_order":0,"comment_status":"closed","ping_status":"closed","template":"templates\/one-column.php","meta":{"footnotes":""},"class_list":["post-173","page","type-page","status-publish","hentry"],"yoast_head":"<!-- This site is optimized with the Yoast SEO plugin v24.9 - https:\/\/yoast.com\/wordpress\/plugins\/seo\/ -->\n<title>Serveis - MM Arquitectura<\/title>\n<meta name=\"description\" content=\"Serveis: Gesti\u00f3 integral del projecte i de l&#039;obra. Treballem per oferir-te la casa dels teus somnis sense que t&#039;hagis de preocupar de res!\" \/>\n<meta name=\"robots\" content=\"index, follow, max-snippet:-1, max-image-preview:large, max-video-preview:-1\" \/>\n<link rel=\"canonical\" href=\"https:\/\/mmarquitectura.cat\/index.php\/serveis\/\" \/>\n<meta property=\"og:locale\" content=\"ca_ES\" \/>\n<meta property=\"og:type\" content=\"article\" \/>\n<meta property=\"og:title\" content=\"Serveis - MM Arquitectura\" \/>\n<meta property=\"og:description\" content=\"Serveis: Gesti\u00f3 integral del projecte i de l&#039;obra. Treballem per oferir-te la casa dels teus somnis sense que t&#039;hagis de preocupar de res!\" \/>\n<meta property=\"og:url\" content=\"https:\/\/mmarquitectura.cat\/index.php\/serveis\/\" \/>\n<meta property=\"og:site_name\" content=\"MM Arquitectura\" \/>\n<meta property=\"article:modified_time\" content=\"2022-01-16T16:50:33+00:00\" \/>\n<meta name=\"twitter:card\" content=\"summary_large_image\" \/>\n<meta name=\"twitter:label1\" content=\"Temps estimat de lectura\" \/>\n\t<meta name=\"twitter:data1\" content=\"1 minut\" \/>\n<script type=\"application\/ld+json\" class=\"yoast-schema-graph\">{\"@context\":\"https:\/\/schema.org\",\"@graph\":[{\"@type\":\"WebPage\",\"@id\":\"https:\/\/mmarquitectura.cat\/index.php\/serveis\/\",\"url\":\"https:\/\/mmarquitectura.cat\/index.php\/serveis\/\",\"name\":\"Serveis - MM Arquitectura\",\"isPartOf\":{\"@id\":\"https:\/\/mmarquitectura.cat\/#website\"},\"datePublished\":\"2022-01-08T14:58:55+00:00\",\"dateModified\":\"2022-01-16T16:50:33+00:00\",\"description\":\"Serveis: Gesti\u00f3 integral del projecte i de l'obra. Treballem per oferir-te la casa dels teus somnis sense que t'hagis de preocupar de res!\",\"breadcrumb\":{\"@id\":\"https:\/\/mmarquitectura.cat\/index.php\/serveis\/#breadcrumb\"},\"inLanguage\":\"ca\",\"potentialAction\":[{\"@type\":\"ReadAction\",\"target\":[\"https:\/\/mmarquitectura.cat\/index.php\/serveis\/\"]}]},{\"@type\":\"BreadcrumbList\",\"@id\":\"https:\/\/mmarquitectura.cat\/index.php\/serveis\/#breadcrumb\",\"itemListElement\":[{\"@type\":\"ListItem\",\"position\":1,\"name\":\"Inici\",\"item\":\"https:\/\/mmarquitectura.cat\/\"},{\"@type\":\"ListItem\",\"position\":2,\"name\":\"Serveis\"}]},{\"@type\":\"WebSite\",\"@id\":\"https:\/\/mmarquitectura.cat\/#website\",\"url\":\"https:\/\/mmarquitectura.cat\/\",\"name\":\"MM Arquitectura\",\"description\":\"\",\"publisher\":{\"@id\":\"https:\/\/mmarquitectura.cat\/#organization\"},\"potentialAction\":[{\"@type\":\"SearchAction\",\"target\":{\"@type\":\"EntryPoint\",\"urlTemplate\":\"https:\/\/mmarquitectura.cat\/?s={search_term_string}\"},\"query-input\":{\"@type\":\"PropertyValueSpecification\",\"valueRequired\":true,\"valueName\":\"search_term_string\"}}],\"inLanguage\":\"ca\"},{\"@type\":\"Organization\",\"@id\":\"https:\/\/mmarquitectura.cat\/#organization\",\"name\":\"MM Arquitectura\",\"url\":\"https:\/\/mmarquitectura.cat\/\",\"logo\":{\"@type\":\"ImageObject\",\"inLanguage\":\"ca\",\"@id\":\"https:\/\/mmarquitectura.cat\/#\/schema\/logo\/image\/\",\"url\":\"http:\/\/mmarquitectura.cat\/wp-content\/uploads\/2022\/01\/Logo-MM_PER-LA-WEB-2.png\",\"contentUrl\":\"http:\/\/mmarquitectura.cat\/wp-content\/uploads\/2022\/01\/Logo-MM_PER-LA-WEB-2.png\",\"width\":2473,\"height\":2473,\"caption\":\"MM Arquitectura\"},\"image\":{\"@id\":\"https:\/\/mmarquitectura.cat\/#\/schema\/logo\/image\/\"}}]}<\/script>\n<!-- \/ Yoast SEO plugin. -->","yoast_head_json":{"title":"Serveis - MM Arquitectura","description":"Serveis: Gesti\u00f3 integral del projecte i de l'obra. Treballem per oferir-te la casa dels teus somnis sense que t'hagis de preocupar de res!","robots":{"index":"index","follow":"follow","max-snippet":"max-snippet:-1","max-image-preview":"max-image-preview:large","max-video-preview":"max-video-preview:-1"},"canonical":"https:\/\/mmarquitectura.cat\/index.php\/serveis\/","og_locale":"ca_ES","og_type":"article","og_title":"Serveis - MM Arquitectura","og_description":"Serveis: Gesti\u00f3 integral del projecte i de l'obra. Treballem per oferir-te la casa dels teus somnis sense que t'hagis de preocupar de res!","og_url":"https:\/\/mmarquitectura.cat\/index.php\/serveis\/","og_site_name":"MM Arquitectura","article_modified_time":"2022-01-16T16:50:33+00:00","twitter_card":"summary_large_image","twitter_misc":{"Temps estimat de lectura":"1 minut"},"schema":{"@context":"https:\/\/schema.org","@graph":[{"@type":"WebPage","@id":"https:\/\/mmarquitectura.cat\/index.php\/serveis\/","url":"https:\/\/mmarquitectura.cat\/index.php\/serveis\/","name":"Serveis - MM Arquitectura","isPartOf":{"@id":"https:\/\/mmarquitectura.cat\/#website"},"datePublished":"2022-01-08T14:58:55+00:00","dateModified":"2022-01-16T16:50:33+00:00","description":"Serveis: Gesti\u00f3 integral del projecte i de l'obra. Treballem per oferir-te la casa dels teus somnis sense que t'hagis de preocupar de res!","breadcrumb":{"@id":"https:\/\/mmarquitectura.cat\/index.php\/serveis\/#breadcrumb"},"inLanguage":"ca","potentialAction":[{"@type":"ReadAction","target":["https:\/\/mmarquitectura.cat\/index.php\/serveis\/"]}]},{"@type":"BreadcrumbList","@id":"https:\/\/mmarquitectura.cat\/index.php\/serveis\/#breadcrumb","itemListElement":[{"@type":"ListItem","position":1,"name":"Inici","item":"https:\/\/mmarquitectura.cat\/"},{"@type":"ListItem","position":2,"name":"Serveis"}]},{"@type":"WebSite","@id":"https:\/\/mmarquitectura.cat\/#website","url":"https:\/\/mmarquitectura.cat\/","name":"MM Arquitectura","description":"","publisher":{"@id":"https:\/\/mmarquitectura.cat\/#organization"},"potentialAction":[{"@type":"SearchAction","target":{"@type":"EntryPoint","urlTemplate":"https:\/\/mmarquitectura.cat\/?s={search_term_string}"},"query-input":{"@type":"PropertyValueSpecification","valueRequired":true,"valueName":"search_term_string"}}],"inLanguage":"ca"},{"@type":"Organization","@id":"https:\/\/mmarquitectura.cat\/#organization","name":"MM Arquitectura","url":"https:\/\/mmarquitectura.cat\/","logo":{"@type":"ImageObject","inLanguage":"ca","@id":"https:\/\/mmarquitectura.cat\/#\/schema\/logo\/image\/","url":"http:\/\/mmarquitectura.cat\/wp-content\/uploads\/2022\/01\/Logo-MM_PER-LA-WEB-2.png","contentUrl":"http:\/\/mmarquitectura.cat\/wp-content\/uploads\/2022\/01\/Logo-MM_PER-LA-WEB-2.png","width":2473,"height":2473,"caption":"MM Arquitectura"},"image":{"@id":"https:\/\/mmarquitectura.cat\/#\/schema\/logo\/image\/"}}]}},"_links":{"self":[{"href":"https:\/\/mmarquitectura.cat\/index.php\/wp-json\/wp\/v2\/pages\/173","targetHints":{"allow":["GET"]}}],"collection":[{"href":"https:\/\/mmarquitectura.cat\/index.php\/wp-json\/wp\/v2\/pages"}],"about":[{"href":"https:\/\/mmarquitectura.cat\/index.php\/wp-json\/wp\/v2\/types\/page"}],"author":[{"embeddable":true,"href":"https:\/\/mmarquitectura.cat\/index.php\/wp-json\/wp\/v2\/users\/1"}],"replies":[{"embeddable":true,"href":"https:\/\/mmarquitectura.cat\/index.php\/wp-json\/wp\/v2\/comments?post=173"}],"version-history":[{"count":37,"href":"https:\/\/mmarquitectura.cat\/index.php\/wp-json\/wp\/v2\/pages\/173\/revisions"}],"predecessor-version":[{"id":336,"href":"https:\/\/mmarquitectura.cat\/index.php\/wp-json\/wp\/v2\/pages\/173\/revisions\/336"}],"wp:attachment":[{"href":"https:\/\/mmarquitectura.cat\/index.php\/wp-json\/wp\/v2\/media?parent=173"}],"curies":[{"name":"wp","href":"https:\/\/api.w.org\/{rel}","templated":true}]}}